{"id":102,"date":"2023-06-05T02:51:33","date_gmt":"2023-06-05T02:51:33","guid":{"rendered":"https:\/\/demo.bravisthemes.com\/hungrybuzz\/?page_id=102"},"modified":"2026-03-07T14:03:50","modified_gmt":"2026-03-07T14:03:50","slug":"iletisim","status":"publish","type":"page","link":"https:\/\/kirimliciborek.com\/en\/iletisim\/","title":{"rendered":"\u0130leti\u015fim"},"content":{"rendered":"<div data-elementor-type=\"wp-page\" data-elementor-id=\"102\" class=\"elementor elementor-102\">\n\t\t\t\t        <section class=\"elementor-section elementor-top-section elementor-element elementor-element-5913afb elementor-section-boxed elementor-section-height-default elementor-section-height-default pxl-type-header-none pxl-row-scroll-none pxl-bg-color-none pxl-section-bg-none parallax-none\" data-id=\"5913afb\" data-element_type=\"section\" data-e-type=\"section\">\n\n                \n                <div class=\"elementor-container elementor-column-gap-default\">\n                <div class=\"elementor-column elementor-col-50 elementor-top-column elementor-element elementor-element-6ca83a0 pxl-col-none pxl-column-none\" data-id=\"6ca83a0\" data-element_type=\"column\" data-e-type=\"column\">\r\n        <div class=\"elementor-widget-wrap elementor-element-populated\">\r\n                     \r\n        \t\t<div class=\"elementor-element elementor-element-99b75b5 elementor-widget elementor-widget-pxl_heading\" data-id=\"99b75b5\" data-element_type=\"widget\" data-e-type=\"widget\" data-widget_type=\"pxl_heading.default\">\n\t\t\t\t<div class=\"elementor-widget-container\">\n\t\t\t\t\t<div class=\"pxl-heading pxl-heading-normal\">\n\t<div class=\"pxl-heading--inner\">\n\t\t\t\t<h3 class=\"pxl-item--title divider-none   style1\" data-wow-delay=\"ms\" data-wow-duration=\"1.2s\">\n\t\t\tLezzetli Bir Deneyim \u0130\u00e7in Bize Ula\u015f\u0131n\t\t<\/h3>\n\t<\/div>\n<\/div>\t\t\t\t<\/div>\n\t\t\t\t<\/div>\n\t\t            <\/div>\r\n        <\/div>\r\n                <div class=\"elementor-column elementor-col-50 elementor-top-column elementor-element elementor-element-ce0ff87 pxl-col-none pxl-column-none\" data-id=\"ce0ff87\" data-element_type=\"column\" data-e-type=\"column\">\r\n        <div class=\"elementor-widget-wrap elementor-element-populated\">\r\n                     \r\n                <section class=\"elementor-section elementor-inner-section elementor-element elementor-element-5e5ab01 elementor-section-full_width elementor-section-height-default elementor-section-height-default pxl-type-header-none pxl-section-padding-none pxl-section-offset-none pxl-row-scroll-none pxl-bg-color-none pxl-section-bg-none parallax-none\" data-id=\"5e5ab01\" data-element_type=\"section\" data-e-type=\"section\">\n\n                \n                <div class=\"elementor-container elementor-column-gap-default\">\n                <div class=\"elementor-column elementor-col-33 elementor-inner-column elementor-element elementor-element-0fe79b3 pxl-col-none pxl-column-none\" data-id=\"0fe79b3\" data-element_type=\"column\" data-e-type=\"column\">\r\n        <div class=\"elementor-widget-wrap elementor-element-populated\">\r\n                     \r\n        \t\t<div class=\"elementor-element elementor-element-fb5a2f5 elementor-widget elementor-widget-pxl_heading\" data-id=\"fb5a2f5\" data-element_type=\"widget\" data-e-type=\"widget\" data-widget_type=\"pxl_heading.default\">\n\t\t\t\t<div class=\"elementor-widget-container\">\n\t\t\t\t\t<div class=\"pxl-heading pxl-heading-normal\">\n\t<div class=\"pxl-heading--inner\">\n\t\t\t\t<h5 class=\"pxl-item--title divider-none   style1\" data-wow-delay=\"ms\" data-wow-duration=\"1.2s\">\n\t\t\t\t\t<\/h5>\n\t<\/div>\n<\/div>\t\t\t\t<\/div>\n\t\t\t\t<\/div>\n\t\t\t\t<div class=\"elementor-element elementor-element-b630fe8 elementor-widget elementor-widget-pxl_link\" data-id=\"b630fe8\" data-element_type=\"widget\" data-e-type=\"widget\" data-widget_type=\"pxl_link.default\">\n\t\t\t\t<div class=\"elementor-widget-container\">\n\t\t\t\t\t    <ul class=\"pxl-link pxl-link-l1 pxl-block\" data-wow-delay=\"ms\">\r\n                        <li>\r\n                    <a >\r\n                                                <span><\/span>\r\n                    <\/a>\r\n                <\/li>\r\n            <\/ul>\r\n\t\t\t\t<\/div>\n\t\t\t\t<\/div>\n\t\t            <\/div>\r\n        <\/div>\r\n                <div class=\"elementor-column elementor-col-33 elementor-inner-column elementor-element elementor-element-109526b pxl-col-none pxl-column-none\" data-id=\"109526b\" data-element_type=\"column\" data-e-type=\"column\">\r\n        <div class=\"elementor-widget-wrap elementor-element-populated\">\r\n                     \r\n        \t\t<div class=\"elementor-element elementor-element-c79154c elementor-widget elementor-widget-pxl_heading\" data-id=\"c79154c\" data-element_type=\"widget\" data-e-type=\"widget\" data-widget_type=\"pxl_heading.default\">\n\t\t\t\t<div class=\"elementor-widget-container\">\n\t\t\t\t\t<div class=\"pxl-heading pxl-heading-normal\">\n\t<div class=\"pxl-heading--inner\">\n\t\t\t\t<h5 class=\"pxl-item--title divider-none   style1\" data-wow-delay=\"ms\" data-wow-duration=\"1.2s\">\n\t\t\t\u0130stanbul Silivri\t\t<\/h5>\n\t<\/div>\n<\/div>\t\t\t\t<\/div>\n\t\t\t\t<\/div>\n\t\t\t\t<div class=\"elementor-element elementor-element-1d100f9 elementor-widget elementor-widget-pxl_link\" data-id=\"1d100f9\" data-element_type=\"widget\" data-e-type=\"widget\" data-widget_type=\"pxl_link.default\">\n\t\t\t\t<div class=\"elementor-widget-container\">\n\t\t\t\t\t    <ul class=\"pxl-link pxl-link-l1 pxl-block\" data-wow-delay=\"ms\">\r\n                        <li>\r\n                    <a href=\"https:\/\/maps.app.goo.gl\/1LLzjDvyHdWa1esN7\" target=\"_blank\">\r\n                                                <span>Piri Mehmet Pa\u015fa, Atat\u00fcrk Cd, 34570<\/span>\r\n                    <\/a>\r\n                <\/li>\r\n                        <li>\r\n                    <a href=\"mailto:info@kirimliciborek.com\">\r\n                                                <span>info@kirimliciborek.com<\/span>\r\n                    <\/a>\r\n                <\/li>\r\n                        <li>\r\n                    <a href=\"tel:05477271000\">\r\n                                                <span>0547 727 10 00<\/span>\r\n                    <\/a>\r\n                <\/li>\r\n            <\/ul>\r\n\t\t\t\t<\/div>\n\t\t\t\t<\/div>\n\t\t            <\/div>\r\n        <\/div>\r\n                <div class=\"elementor-column elementor-col-33 elementor-inner-column elementor-element elementor-element-e2c2fa7 pxl-col-none pxl-column-none\" data-id=\"e2c2fa7\" data-element_type=\"column\" data-e-type=\"column\">\r\n        <div class=\"elementor-widget-wrap elementor-element-populated\">\r\n                     \r\n        \t\t<div class=\"elementor-element elementor-element-f692021 elementor-widget elementor-widget-pxl_heading\" data-id=\"f692021\" data-element_type=\"widget\" data-e-type=\"widget\" data-widget_type=\"pxl_heading.default\">\n\t\t\t\t<div class=\"elementor-widget-container\">\n\t\t\t\t\t<div class=\"pxl-heading pxl-heading-normal\">\n\t<div class=\"pxl-heading--inner\">\n\t\t\t\t<h5 class=\"pxl-item--title divider-none   style1\" data-wow-delay=\"ms\" data-wow-duration=\"1.2s\">\n\t\t\t\t\t<\/h5>\n\t<\/div>\n<\/div>\t\t\t\t<\/div>\n\t\t\t\t<\/div>\n\t\t\t\t<div class=\"elementor-element elementor-element-d6922b8 elementor-widget elementor-widget-pxl_link\" data-id=\"d6922b8\" data-element_type=\"widget\" data-e-type=\"widget\" data-widget_type=\"pxl_link.default\">\n\t\t\t\t<div class=\"elementor-widget-container\">\n\t\t\t\t\t    <ul class=\"pxl-link pxl-link-l1 pxl-block\" data-wow-delay=\"ms\">\r\n                        <li>\r\n                    <a >\r\n                                                <span><\/span>\r\n                    <\/a>\r\n                <\/li>\r\n            <\/ul>\r\n\t\t\t\t<\/div>\n\t\t\t\t<\/div>\n\t\t            <\/div>\r\n        <\/div>\r\n        \t\t\t<\/div>\n\t\t<\/section>\n\t\t            <\/div>\r\n        <\/div>\r\n        \t\t\t<\/div>\n\t\t<\/section>\n\t\t        <section class=\"elementor-section elementor-top-section elementor-element elementor-element-e8b1b15 elementor-reverse-mobile_extra elementor-reverse-mobile elementor-section-boxed elementor-section-height-default elementor-section-height-default pxl-type-header-none pxl-row-scroll-none pxl-bg-color-none pxl-section-bg-none parallax-none\" data-id=\"e8b1b15\" data-element_type=\"section\" data-e-type=\"section\">\n\n                \n                <div class=\"elementor-container elementor-column-gap-default\">\n                <div class=\"elementor-column elementor-col-50 elementor-top-column elementor-element elementor-element-dac9aa2 pxl-col-none pxl-column-none\" data-id=\"dac9aa2\" data-element_type=\"column\" data-e-type=\"column\">\r\n        <div class=\"elementor-widget-wrap elementor-element-populated\">\r\n                     \r\n        \t\t<div class=\"elementor-element elementor-element-315c20b elementor-widget elementor-widget-pxl_contact_form\" data-id=\"315c20b\" data-element_type=\"widget\" data-e-type=\"widget\" data-widget_type=\"pxl_contact_form.default\">\n\t\t\t\t<div class=\"elementor-widget-container\">\n\t\t\t\t\t    <div class=\"pxl-contact-form pxl-contact-form1 style1\" data-wow-delay=\"ms\" data-wow-duration=\"1.2s\">\r\n        \n<div class=\"wpcf7 no-js\" id=\"wpcf7-f2121-o1\" lang=\"en-US\" dir=\"ltr\" data-wpcf7-id=\"2121\">\n<div class=\"screen-reader-response\"><p role=\"status\" aria-live=\"polite\" aria-atomic=\"true\"><\/p> <ul><\/ul><\/div>\n<form action=\"\/en\/wp-json\/wp\/v2\/pages\/102#wpcf7-f2121-o1\" method=\"post\" class=\"wpcf7-form init\" aria-label=\"Contact form\" novalidate=\"novalidate\" data-status=\"init\" data-trp-original-action=\"\/en\/wp-json\/wp\/v2\/pages\/102#wpcf7-f2121-o1\">\n<fieldset class=\"hidden-fields-container\"><input type=\"hidden\" name=\"_wpcf7\" value=\"2121\" \/><input type=\"hidden\" name=\"_wpcf7_version\" value=\"6.1.5\" \/><input type=\"hidden\" name=\"_wpcf7_locale\" value=\"en_US\" \/><input type=\"hidden\" name=\"_wpcf7_unit_tag\" value=\"wpcf7-f2121-o1\" \/><input type=\"hidden\" name=\"_wpcf7_container_post\" value=\"0\" \/><input type=\"hidden\" name=\"_wpcf7_posted_data_hash\" value=\"\" \/>\n<\/fieldset>\n<div class=\"wp-row-ctf7 contact-form-custom1\">\n\t<h4 class=\"form-title\">\u0130leti\u015fim Formu\n\t<\/h4>\n\t<p class=\"form-description\">Bizimle ileti\u015fime ge\u00e7mek i\u00e7in formu doldurabilirsiniz.\n\t<\/p>\n\t<div class=\"row input-contact\">\n\t\t<div class=\"col-md-12\">\n\t\t\t<div class=\"input-filled\">\n\t\t\t\t<p><span class=\"wpcf7-form-control-wrap\" data-name=\"your-name\"><input size=\"40\" maxlength=\"400\" class=\"wpcf7-form-control wpcf7-text wpcf7-validates-as-required\" aria-required=\"true\" aria-invalid=\"false\" placeholder=\"\u0130sminiz...\" value=\"\" type=\"text\" name=\"your-name\" \/><\/span>\n\t\t\t\t<\/p>\n\t\t\t<\/div>\n\t\t<\/div>\n\t\t<div class=\"col-md-12\">\n\t\t\t<div class=\"input-filled\">\n\t\t\t\t<p><span class=\"wpcf7-form-control-wrap\" data-name=\"your-email\"><input size=\"40\" maxlength=\"400\" class=\"wpcf7-form-control wpcf7-email wpcf7-validates-as-required wpcf7-text wpcf7-validates-as-email\" aria-required=\"true\" aria-invalid=\"false\" placeholder=\"Mail Adresiniz...\" value=\"\" type=\"email\" name=\"your-email\" \/><\/span>\n\t\t\t\t<\/p>\n\t\t\t<\/div>\n\t\t<\/div>\n\t<\/div>\n\t<div class=\"row input-contact large\">\n\t\t<div class=\"col-12\">\n\t\t\t<div class=\"input-filled\">\n\t\t\t\t<p><span class=\"wpcf7-form-control-wrap\" data-name=\"your-message\"><textarea cols=\"40\" rows=\"10\" maxlength=\"2000\" class=\"wpcf7-form-control wpcf7-textarea wpcf7-validates-as-required\" aria-required=\"true\" aria-invalid=\"false\" placeholder=\"Mesaj\u0131n\u0131z...\" name=\"your-message\"><\/textarea><\/span>\n\t\t\t\t<\/p>\n\t\t\t<\/div>\n\t\t\t<div class=\"row button-contact\">\n\t\t\t\t<div class=\"col-12\">\n\t\t\t\t\t<div class=\"btn-form\">\n\t\t\t\t\t\t<p><button type=\"submit\" class=\"wpcf7-submit btn-default\">\u0130let<\/button>\n\t\t\t\t\t\t<\/p>\n\t\t\t\t\t<\/div>\n\t\t\t\t<\/div>\n\t\t\t<\/div>\n\t\t<\/div>\n\t<\/div>\n<\/div><div class=\"wpcf7-response-output\" aria-hidden=\"true\"><\/div>\n<input type=\"hidden\" name=\"trp-form-language\" value=\"en\"\/><\/form>\n<\/div>\n    <\/div>\r\n\t\t\t\t<\/div>\n\t\t\t\t<\/div>\n\t\t            <\/div>\r\n        <\/div>\r\n                <div class=\"elementor-column elementor-col-50 elementor-top-column elementor-element elementor-element-b375ef3 pxl-col-none pxl-column-none\" data-id=\"b375ef3\" data-element_type=\"column\" data-e-type=\"column\">\r\n        <div class=\"elementor-widget-wrap elementor-element-populated\">\r\n                     \r\n        \t\t<div class=\"elementor-element elementor-element-e1cd537 elementor-widget elementor-widget-html\" data-id=\"e1cd537\" data-element_type=\"widget\" data-e-type=\"widget\" data-widget_type=\"html.default\">\n\t\t\t\t\t<iframe src=\"https:\/\/www.google.com\/maps\/embed?pb=!1m18!1m12!1m3!1d3007.8219352501897!2d28.24116697604384!3d41.0728847713416!2m3!1f0!2f0!3f0!3m2!1i1024!2i768!4f13.1!3m3!1m2!1s0x14b515e8f9564be7%3A0xb5d63cd5ef045fda!2zS8SxcsSxbWzEsSDDh2kgQsO2cmVrIE1hbnTEsSBFdmk!5e0!3m2!1str!2str!4v1772781921034!5m2!1str!2str\" width=\"600\" height=\"450\" style=\"border:0;\" allowfullscreen=\"\" loading=\"lazy\" referrerpolicy=\"no-referrer-when-downgrade\"><\/iframe>\t\t\t\t<\/div>\n\t\t            <\/div>\r\n        <\/div>\r\n        \t\t\t<\/div>\n\t\t<\/section>\n\t\t\t\t<\/div>","protected":false},"excerpt":{"rendered":"<p>Lezzetli Bir Deneyim \u0130\u00e7in Bize Ula\u015f\u0131n \u0130stanbul Silivri Piri Mehmet Pa\u015fa, Atat\u00fcrk Cd, 34570 info@kirimliciborek.com 0547 727 10 00 \u0130leti\u015fim Formu Bizimle ileti\u015fime ge\u00e7mek i\u00e7in formu doldurabilirsiniz. \u0130let<\/p>","protected":false},"author":1,"featured_media":0,"parent":0,"menu_order":0,"comment_status":"closed","ping_status":"closed","template":"","meta":{"footnotes":""},"class_list":["post-102","page","type-page","status-publish","hentry"],"yoast_head":"<!-- This site is optimized with the Yoast SEO plugin v27.1.1 - https:\/\/yoast.com\/product\/yoast-seo-wordpress\/ -->\n<title>\u0130leti\u015fim - Kirimli Ci Borek Manti Evi Silivri<\/title>\n<meta name=\"description\" content=\"Silivri\u2019de \u00e7i b\u00f6rek, mant\u0131 ve kahvalt\u0131 lezzetleri i\u00e7in adres, telefon ve konum bilgilerimize buradan ula\u015fabilir, kolayca sipari\u015f verebilirsiniz.\" \/>\n<meta name=\"robots\" content=\"index, follow, max-snippet:-1, max-image-preview:large, max-video-preview:-1\" \/>\n<link rel=\"canonical\" href=\"https:\/\/kirimliciborek.com\/en\/iletisim\/\" \/>\n<meta property=\"og:locale\" content=\"en_US\" \/>\n<meta property=\"og:type\" content=\"article\" \/>\n<meta property=\"og:title\" content=\"\u0130leti\u015fim - Kirimli Ci Borek Manti Evi Silivri\" \/>\n<meta property=\"og:description\" content=\"Silivri\u2019de \u00e7i b\u00f6rek, mant\u0131 ve kahvalt\u0131 lezzetleri i\u00e7in adres, telefon ve konum bilgilerimize buradan ula\u015fabilir, kolayca sipari\u015f verebilirsiniz.\" \/>\n<meta property=\"og:url\" content=\"https:\/\/kirimliciborek.com\/en\/iletisim\/\" \/>\n<meta property=\"og:site_name\" content=\"Kirimli Ci Borek Manti Evi Silivri\" \/>\n<meta property=\"article:modified_time\" content=\"2026-03-07T14:03:50+00:00\" \/>\n<meta name=\"twitter:card\" content=\"summary_large_image\" \/>\n<meta name=\"twitter:site\" content=\"@KirimliSilivri\" \/>\n<meta name=\"twitter:label1\" content=\"Est. reading time\" \/>\n\t<meta name=\"twitter:data1\" content=\"1 minute\" \/>\n<script type=\"application\/ld+json\" class=\"yoast-schema-graph\">{\"@context\":\"https:\/\/schema.org\",\"@graph\":[{\"@type\":\"WebPage\",\"@id\":\"https:\/\/kirimliciborek.com\/iletisim\/\",\"url\":\"https:\/\/kirimliciborek.com\/iletisim\/\",\"name\":\"\u0130leti\u015fim - Kirimli Ci Borek Manti Evi Silivri\",\"isPartOf\":{\"@id\":\"https:\/\/kirimliciborek.com\/#website\"},\"datePublished\":\"2023-06-05T02:51:33+00:00\",\"dateModified\":\"2026-03-07T14:03:50+00:00\",\"description\":\"Silivri\u2019de \u00e7i b\u00f6rek, mant\u0131 ve kahvalt\u0131 lezzetleri i\u00e7in adres, telefon ve konum bilgilerimize buradan ula\u015fabilir, kolayca sipari\u015f verebilirsiniz.\",\"breadcrumb\":{\"@id\":\"https:\/\/kirimliciborek.com\/iletisim\/#breadcrumb\"},\"inLanguage\":\"en-US\",\"potentialAction\":[{\"@type\":\"ReadAction\",\"target\":[\"https:\/\/kirimliciborek.com\/iletisim\/\"]}]},{\"@type\":\"BreadcrumbList\",\"@id\":\"https:\/\/kirimliciborek.com\/iletisim\/#breadcrumb\",\"itemListElement\":[{\"@type\":\"ListItem\",\"position\":1,\"name\":\"Anasayfa\",\"item\":\"https:\/\/kirimliciborek.com\/\"},{\"@type\":\"ListItem\",\"position\":2,\"name\":\"\u0130leti\u015fim\"}]},{\"@type\":\"WebSite\",\"@id\":\"https:\/\/kirimliciborek.com\/#website\",\"url\":\"https:\/\/kirimliciborek.com\/\",\"name\":\"Kirimli Ci Borek Manti Evi Silivri\",\"description\":\"Silivri\u2019de K\u0131r\u0131m mutfa\u011f\u0131n\u0131n e\u015fsiz lezzetlerini ke\u015ffedin. K\u0131r\u0131ml\u0131 \u00c7i B\u00f6rek Mant\u0131 Evi\u2019nde \u00e7\u0131t\u0131r \u00e7i b\u00f6rek, el yap\u0131m\u0131 mant\u0131 ve zengin kahvalt\u0131 se\u00e7enekleri sizleri bekliyor. Geleneksel tatlar ve taze lezzetler i\u00e7in hemen ziyaret edin.\",\"publisher\":{\"@id\":\"https:\/\/kirimliciborek.com\/#organization\"},\"potentialAction\":[{\"@type\":\"SearchAction\",\"target\":{\"@type\":\"EntryPoint\",\"urlTemplate\":\"https:\/\/kirimliciborek.com\/?s={search_term_string}\"},\"query-input\":{\"@type\":\"PropertyValueSpecification\",\"valueRequired\":true,\"valueName\":\"search_term_string\"}}],\"inLanguage\":\"en-US\"},{\"@type\":\"Organization\",\"@id\":\"https:\/\/kirimliciborek.com\/#organization\",\"name\":\"Kirimli Ci Borek Manti Evi Silivri\",\"url\":\"https:\/\/kirimliciborek.com\/\",\"logo\":{\"@type\":\"ImageObject\",\"inLanguage\":\"en-US\",\"@id\":\"https:\/\/kirimliciborek.com\/#\/schema\/logo\/image\/\",\"url\":\"https:\/\/kirimliciborek.com\/wp-content\/uploads\/2026\/03\/Kirimli-Silivri-Logo.png\",\"contentUrl\":\"https:\/\/kirimliciborek.com\/wp-content\/uploads\/2026\/03\/Kirimli-Silivri-Logo.png\",\"width\":2250,\"height\":2254,\"caption\":\"Kirimli Ci Borek Manti Evi Silivri\"},\"image\":{\"@id\":\"https:\/\/kirimliciborek.com\/#\/schema\/logo\/image\/\"},\"sameAs\":[\"https:\/\/x.com\/KirimliSilivri\",\"https:\/\/www.tumblr.com\/blog\/kirimliciboreksilivri\",\"https:\/\/www.linkedin.com\/in\/krml-i-brek-mant-silivri\/\",\"https:\/\/www.youtube.com\/@KrmlCiBorekSilivri\",\"https:\/\/www.instagram.com\/kirimli.ciborek\/\"]}]}<\/script>\n<!-- \/ Yoast SEO plugin. -->","yoast_head_json":{"title":"\u0130leti\u015fim - Kirimli Ci Borek Manti Evi Silivri","description":"Silivri\u2019de \u00e7i b\u00f6rek, mant\u0131 ve kahvalt\u0131 lezzetleri i\u00e7in adres, telefon ve konum bilgilerimize buradan ula\u015fabilir, kolayca sipari\u015f verebilirsiniz.","robots":{"index":"index","follow":"follow","max-snippet":"max-snippet:-1","max-image-preview":"max-image-preview:large","max-video-preview":"max-video-preview:-1"},"canonical":"https:\/\/kirimliciborek.com\/en\/iletisim\/","og_locale":"en_US","og_type":"article","og_title":"\u0130leti\u015fim - Kirimli Ci Borek Manti Evi Silivri","og_description":"Silivri\u2019de \u00e7i b\u00f6rek, mant\u0131 ve kahvalt\u0131 lezzetleri i\u00e7in adres, telefon ve konum bilgilerimize buradan ula\u015fabilir, kolayca sipari\u015f verebilirsiniz.","og_url":"https:\/\/kirimliciborek.com\/en\/iletisim\/","og_site_name":"Kirimli Ci Borek Manti Evi Silivri","article_modified_time":"2026-03-07T14:03:50+00:00","twitter_card":"summary_large_image","twitter_site":"@KirimliSilivri","twitter_misc":{"Est. reading time":"1 minute"},"schema":{"@context":"https:\/\/schema.org","@graph":[{"@type":"WebPage","@id":"https:\/\/kirimliciborek.com\/iletisim\/","url":"https:\/\/kirimliciborek.com\/iletisim\/","name":"\u0130leti\u015fim - Kirimli Ci Borek Manti Evi Silivri","isPartOf":{"@id":"https:\/\/kirimliciborek.com\/#website"},"datePublished":"2023-06-05T02:51:33+00:00","dateModified":"2026-03-07T14:03:50+00:00","description":"Silivri\u2019de \u00e7i b\u00f6rek, mant\u0131 ve kahvalt\u0131 lezzetleri i\u00e7in adres, telefon ve konum bilgilerimize buradan ula\u015fabilir, kolayca sipari\u015f verebilirsiniz.","breadcrumb":{"@id":"https:\/\/kirimliciborek.com\/iletisim\/#breadcrumb"},"inLanguage":"en-US","potentialAction":[{"@type":"ReadAction","target":["https:\/\/kirimliciborek.com\/iletisim\/"]}]},{"@type":"BreadcrumbList","@id":"https:\/\/kirimliciborek.com\/iletisim\/#breadcrumb","itemListElement":[{"@type":"ListItem","position":1,"name":"Anasayfa","item":"https:\/\/kirimliciborek.com\/"},{"@type":"ListItem","position":2,"name":"\u0130leti\u015fim"}]},{"@type":"WebSite","@id":"https:\/\/kirimliciborek.com\/#website","url":"https:\/\/kirimliciborek.com\/","name":"Kirimli Ci Borek Manti Evi Silivri","description":"Silivri\u2019de K\u0131r\u0131m mutfa\u011f\u0131n\u0131n e\u015fsiz lezzetlerini ke\u015ffedin. K\u0131r\u0131ml\u0131 \u00c7i B\u00f6rek Mant\u0131 Evi\u2019nde \u00e7\u0131t\u0131r \u00e7i b\u00f6rek, el yap\u0131m\u0131 mant\u0131 ve zengin kahvalt\u0131 se\u00e7enekleri sizleri bekliyor. Geleneksel tatlar ve taze lezzetler i\u00e7in hemen ziyaret edin.","publisher":{"@id":"https:\/\/kirimliciborek.com\/#organization"},"potentialAction":[{"@type":"SearchAction","target":{"@type":"EntryPoint","urlTemplate":"https:\/\/kirimliciborek.com\/?s={search_term_string}"},"query-input":{"@type":"PropertyValueSpecification","valueRequired":true,"valueName":"search_term_string"}}],"inLanguage":"en-US"},{"@type":"Organization","@id":"https:\/\/kirimliciborek.com\/#organization","name":"Kirimli Ci Borek Manti Evi Silivri","url":"https:\/\/kirimliciborek.com\/","logo":{"@type":"ImageObject","inLanguage":"en-US","@id":"https:\/\/kirimliciborek.com\/#\/schema\/logo\/image\/","url":"https:\/\/kirimliciborek.com\/wp-content\/uploads\/2026\/03\/Kirimli-Silivri-Logo.png","contentUrl":"https:\/\/kirimliciborek.com\/wp-content\/uploads\/2026\/03\/Kirimli-Silivri-Logo.png","width":2250,"height":2254,"caption":"Kirimli Ci Borek Manti Evi Silivri"},"image":{"@id":"https:\/\/kirimliciborek.com\/#\/schema\/logo\/image\/"},"sameAs":["https:\/\/x.com\/KirimliSilivri","https:\/\/www.tumblr.com\/blog\/kirimliciboreksilivri","https:\/\/www.linkedin.com\/in\/krml-i-brek-mant-silivri\/","https:\/\/www.youtube.com\/@KrmlCiBorekSilivri","https:\/\/www.instagram.com\/kirimli.ciborek\/"]}]}},"_hostinger_reach_plugin_has_subscription_block":false,"_hostinger_reach_plugin_is_elementor":false,"_links":{"self":[{"href":"https:\/\/kirimliciborek.com\/en\/wp-json\/wp\/v2\/pages\/102","targetHints":{"allow":["GET"]}}],"collection":[{"href":"https:\/\/kirimliciborek.com\/en\/wp-json\/wp\/v2\/pages"}],"about":[{"href":"https:\/\/kirimliciborek.com\/en\/wp-json\/wp\/v2\/types\/page"}],"author":[{"embeddable":true,"href":"https:\/\/kirimliciborek.com\/en\/wp-json\/wp\/v2\/users\/1"}],"replies":[{"embeddable":true,"href":"https:\/\/kirimliciborek.com\/en\/wp-json\/wp\/v2\/comments?post=102"}],"version-history":[{"count":6,"href":"https:\/\/kirimliciborek.com\/en\/wp-json\/wp\/v2\/pages\/102\/revisions"}],"predecessor-version":[{"id":3634,"href":"https:\/\/kirimliciborek.com\/en\/wp-json\/wp\/v2\/pages\/102\/revisions\/3634"}],"wp:attachment":[{"href":"https:\/\/kirimliciborek.com\/en\/wp-json\/wp\/v2\/media?parent=102"}],"curies":[{"name":"wp","href":"https:\/\/api.w.org\/{rel}","templated":true}]}}